{"id":850,"date":"2020-01-25T14:00:23","date_gmt":"2020-01-25T14:00:23","guid":{"rendered":"https:\/\/droitthemes.com\/wp\/zix\/?page_id=850"},"modified":"2022-11-17T19:14:09","modified_gmt":"2022-11-18T00:14:09","slug":"about","status":"publish","type":"page","link":"https:\/\/dfasesoresintegrales.com\/?page_id=850","title":{"rendered":"Nosotros"},"content":{"rendered":"\t\t<div data-elementor-type=\"wp-page\" data-elementor-id=\"850\" class=\"elementor elementor-850\">\n\t\t\t\t\t\t\t\t\t<section class=\"elementor-section elementor-top-section elementor-element elementor-element-b0a7659 elementor-section-boxed elementor-section-height-default elementor-section-height-default\" data-id=\"b0a7659\" data-element_type=\"section\">\n\t\t\t\t\t\t<div class=\"elementor-container elementor-column-gap-no\">\n\t\t\t\t\t<div class=\"elementor-column elementor-col-100 elementor-top-column elementor-element elementor-element-aecb992\" data-id=\"aecb992\" data-element_type=\"column\">\n\t\t\t<div class=\"elementor-widget-wrap elementor-element-populated\">\n\t\t\t\t\t\t\t\t<div class=\"elementor-element elementor-element-7fb0bcc elementor-widget elementor-widget-heading\" data-id=\"7fb0bcc\" data-element_type=\"widget\" data-widget_type=\"heading.default\">\n\t\t\t\t<div class=\"elementor-widget-container\">\n\t\t\t<style>\/*! elementor - v3.18.0 - 20-12-2023 *\/\n.elementor-heading-title{padding:0;margin:0;line-height:1}.elementor-widget-heading .elementor-heading-title[class*=elementor-size-]>a{color:inherit;font-size:inherit;line-height:inherit}.elementor-widget-heading .elementor-heading-title.elementor-size-small{font-size:15px}.elementor-widget-heading .elementor-heading-title.elementor-size-medium{font-size:19px}.elementor-widget-heading .elementor-heading-title.elementor-size-large{font-size:29px}.elementor-widget-heading .elementor-heading-title.elementor-size-xl{font-size:39px}.elementor-widget-heading .elementor-heading-title.elementor-size-xxl{font-size:59px}<\/style><h2 class=\"elementor-heading-title elementor-size-default\">DF ASESORES INTEGRALES<\/h2>\t\t<\/div>\n\t\t\t\t<\/div>\n\t\t\t\t<div class=\"elementor-element elementor-element-e2712c6 elementor-widget elementor-widget-heading\" data-id=\"e2712c6\" data-element_type=\"widget\" data-widget_type=\"heading.default\">\n\t\t\t\t<div class=\"elementor-widget-container\">\n\t\t\t<h2 class=\"elementor-heading-title elementor-size-default\">\u00bfQui\u00e9nes somos?<\/h2>\t\t<\/div>\n\t\t\t\t<\/div>\n\t\t\t\t<div class=\"elementor-element elementor-element-fadccac elementor-widget elementor-widget-image\" data-id=\"fadccac\" data-element_type=\"widget\" data-widget_type=\"image.default\">\n\t\t\t\t<div class=\"elementor-widget-container\">\n\t\t\t<style>\/*! elementor - v3.18.0 - 20-12-2023 *\/\n.elementor-widget-image{text-align:center}.elementor-widget-image a{display:inline-block}.elementor-widget-image a img[src$=\".svg\"]{width:48px}.elementor-widget-image img{vertical-align:middle;display:inline-block}<\/style>\t\t\t\t\t\t\t\t\t\t\t\t<img width=\"101\" height=\"6\" src=\"https:\/\/dfasesoresintegrales.com\/wp-content\/uploads\/2022\/11\/title-br.png\" class=\"attachment-full size-full wp-image-10051\" alt=\"\" \/>\t\t\t\t\t\t\t\t\t\t\t\t\t\t\t<\/div>\n\t\t\t\t<\/div>\n\t\t\t\t\t<\/div>\n\t\t<\/div>\n\t\t\t\t\t\t\t<\/div>\n\t\t<\/section>\n\t\t\t\t<section class=\"elementor-section elementor-top-section elementor-element elementor-element-5e9cbb6 elementor-section-full_width elementor-section-height-default elementor-section-height-default\" data-id=\"5e9cbb6\" data-element_type=\"section\">\n\t\t\t\t\t\t<div class=\"elementor-container elementor-column-gap-no\">\n\t\t\t\t\t<div class=\"elementor-column elementor-col-100 elementor-top-column elementor-element elementor-element-3428e27\" data-id=\"3428e27\" data-element_type=\"column\">\n\t\t\t<div class=\"elementor-widget-wrap elementor-element-populated\">\n\t\t\t\t\t\t\t\t<div class=\"elementor-element elementor-element-52c53e7 elementor-widget elementor-widget-zix-about\" data-id=\"52c53e7\" data-element_type=\"widget\" data-widget_type=\"zix-about.default\">\n\t\t\t\t<div class=\"elementor-widget-container\">\n\t\t\t            <section class=\"exprence_area\">\n                <img class=\"position-absolute circle_round\" src=\"img\/home3\/circle_round.png\" alt=\"\">\n                <div class=\"container\">\n\n                    <div class=\"row exprence_info\">\n                        <div class=\"col-lg-5\">\n                            <div class=\"exprence_content\">\n                                <p>Somos una empresa que cuenta con un equipo interdisciplinario en dise\u00f1o, implementaci\u00f3n y administraci\u00f3n del sistema de gesti\u00f3n de seguridad y salud en el trabajo y administraci\u00f3n ambiental, con m\u00e1s de siete a\u00f1os de experiencia, brindando soluciones integrales a las necesidades de las organizaciones.<\/p>\n<ul class=\"list-unstyled\">\n<li>RESPETO.<\/li>\n<li>\u00c9TICA.<\/li>\n<li>HONESTIDAD.<\/li>\n<li>LEALTAD.<\/li>\n<\/ul><a href=\"https:\/\/wa.link\/db3v22\" class=\"get_btn creative_btn_two btn_radious wow fadeInLeft\">Contacto<\/a>                            <\/div>\n                        <\/div>\n                        <div class=\"col-lg-7\">\n                            <div class=\"ex_img_info\">\n                                                                    <div class=\"ex_img img_one\" data-parallax='{\"x\": 0, \"y\": 50}'>\n                                        <div class=\"box\"><\/div>\n                                        <img fetchpriority=\"high\" width=\"370\" height=\"555\" src=\"https:\/\/dfasesoresintegrales.com\/wp-content\/uploads\/2022\/11\/featur-min3.jpg\" class=\"attachment-full size-full\" alt=\"\" \/>                                    <\/div>\n                                                                        <div class=\"ex_img img_two\" data-parallax='{\"x\": 0, \"y\": -50}'>\n                                        <img width=\"227\" height=\"227\" src=\"https:\/\/dfasesoresintegrales.com\/wp-content\/uploads\/2022\/11\/dot_ex.png\" class=\"dot\" alt=\"\" \/><img loading=\"lazy\" width=\"370\" height=\"555\" src=\"https:\/\/dfasesoresintegrales.com\/wp-content\/uploads\/2022\/11\/featur-min2.jpg\" class=\"attachment-full size-full\" alt=\"\" \/>                                    <\/div>\n                                                                <\/div>\n                        <\/div>\n                    <\/div>\n                <\/div>\n            <\/section>\n            \t\t<\/div>\n\t\t\t\t<\/div>\n\t\t\t\t\t<\/div>\n\t\t<\/div>\n\t\t\t\t\t\t\t<\/div>\n\t\t<\/section>\n\t\t\t\t<section class=\"elementor-section elementor-top-section elementor-element elementor-element-2519eea elementor-section-content-middle elementor-section-boxed elementor-section-height-default elementor-section-height-default\" data-id=\"2519eea\" data-element_type=\"section\" data-settings=\"{&quot;background_background&quot;:&quot;classic&quot;}\">\n\t\t\t\t\t\t<div class=\"elementor-container elementor-column-gap-no\">\n\t\t\t\t\t<div class=\"elementor-column elementor-col-100 elementor-top-column elementor-element elementor-element-0124750\" data-id=\"0124750\" data-element_type=\"column\">\n\t\t\t<div class=\"elementor-widget-wrap elementor-element-populated\">\n\t\t\t\t\t\t\t\t<div class=\"elementor-element elementor-element-f3fcefa elementor-widget elementor-widget-heading\" data-id=\"f3fcefa\" data-element_type=\"widget\" data-widget_type=\"heading.default\">\n\t\t\t\t<div class=\"elementor-widget-container\">\n\t\t\t<h2 class=\"elementor-heading-title elementor-size-default\">Nuestros<\/h2>\t\t<\/div>\n\t\t\t\t<\/div>\n\t\t\t\t<div class=\"elementor-element elementor-element-f187f60 elementor-widget elementor-widget-heading\" data-id=\"f187f60\" data-element_type=\"widget\" data-widget_type=\"heading.default\">\n\t\t\t\t<div class=\"elementor-widget-container\">\n\t\t\t<h2 class=\"elementor-heading-title elementor-size-default\">Clientes<\/h2>\t\t<\/div>\n\t\t\t\t<\/div>\n\t\t\t\t<div class=\"elementor-element elementor-element-d990bfb elementor-arrows-position-inside elementor-widget elementor-widget-image-carousel\" data-id=\"d990bfb\" data-element_type=\"widget\" data-settings=\"{&quot;slides_to_show&quot;:&quot;4&quot;,&quot;navigation&quot;:&quot;arrows&quot;,&quot;autoplay&quot;:&quot;yes&quot;,&quot;pause_on_hover&quot;:&quot;yes&quot;,&quot;pause_on_interaction&quot;:&quot;yes&quot;,&quot;autoplay_speed&quot;:5000,&quot;infinite&quot;:&quot;yes&quot;,&quot;speed&quot;:500}\" data-widget_type=\"image-carousel.default\">\n\t\t\t\t<div class=\"elementor-widget-container\">\n\t\t\t<style>\/*! elementor - v3.18.0 - 20-12-2023 *\/\n.elementor-widget-image-carousel .swiper,.elementor-widget-image-carousel .swiper-container{position:static}.elementor-widget-image-carousel .swiper-container .swiper-slide figure,.elementor-widget-image-carousel .swiper .swiper-slide figure{line-height:inherit}.elementor-widget-image-carousel .swiper-slide{text-align:center}.elementor-image-carousel-wrapper:not(.swiper-container-initialized):not(.swiper-initialized) .swiper-slide{max-width:calc(100% \/ var(--e-image-carousel-slides-to-show, 3))}<\/style>\t\t<div class=\"elementor-image-carousel-wrapper swiper-container\" dir=\"ltr\">\n\t\t\t<div class=\"elementor-image-carousel swiper-wrapper\" aria-live=\"off\">\n\t\t\t\t\t\t\t\t<div class=\"swiper-slide\" role=\"group\" aria-roledescription=\"slide\" aria-label=\"1 of 11\"><figure class=\"swiper-slide-inner\"><img class=\"swiper-slide-image\" src=\"https:\/\/dfasesoresintegrales.com\/wp-content\/uploads\/2022\/10\/herrera-asociados-150x150.png\" alt=\"herrera-asociados\" \/><\/figure><\/div><div class=\"swiper-slide\" role=\"group\" aria-roledescription=\"slide\" aria-label=\"2 of 11\"><figure class=\"swiper-slide-inner\"><img class=\"swiper-slide-image\" src=\"https:\/\/dfasesoresintegrales.com\/wp-content\/uploads\/2022\/10\/oncologos-150x150.png\" alt=\"oncologos\" \/><\/figure><\/div><div class=\"swiper-slide\" role=\"group\" aria-roledescription=\"slide\" aria-label=\"3 of 11\"><figure class=\"swiper-slide-inner\"><img class=\"swiper-slide-image\" src=\"https:\/\/dfasesoresintegrales.com\/wp-content\/uploads\/2022\/10\/guerra-y-guerra-150x150.png\" alt=\"guerra-y-guerra\" \/><\/figure><\/div><div class=\"swiper-slide\" role=\"group\" aria-roledescription=\"slide\" aria-label=\"4 of 11\"><figure class=\"swiper-slide-inner\"><img class=\"swiper-slide-image\" src=\"https:\/\/dfasesoresintegrales.com\/wp-content\/uploads\/2022\/10\/geozam-150x150.png\" alt=\"geozam\" \/><\/figure><\/div><div class=\"swiper-slide\" role=\"group\" aria-roledescription=\"slide\" aria-label=\"5 of 11\"><figure class=\"swiper-slide-inner\"><img class=\"swiper-slide-image\" src=\"https:\/\/dfasesoresintegrales.com\/wp-content\/uploads\/2022\/10\/ferretidi-la-16-150x150.png\" alt=\"ferretidi-la-16\" \/><\/figure><\/div><div class=\"swiper-slide\" role=\"group\" aria-roledescription=\"slide\" aria-label=\"6 of 11\"><figure class=\"swiper-slide-inner\"><img class=\"swiper-slide-image\" src=\"https:\/\/dfasesoresintegrales.com\/wp-content\/uploads\/2022\/10\/clinica-obyrne-150x150.png\" alt=\"clinica-obyrne\" \/><\/figure><\/div><div class=\"swiper-slide\" role=\"group\" aria-roledescription=\"slide\" aria-label=\"7 of 11\"><figure class=\"swiper-slide-inner\"><img class=\"swiper-slide-image\" src=\"https:\/\/dfasesoresintegrales.com\/wp-content\/uploads\/2022\/10\/colombiana-de-friocarga-150x150.png\" alt=\"colombiana-de-friocarga\" \/><\/figure><\/div><div class=\"swiper-slide\" role=\"group\" aria-roledescription=\"slide\" aria-label=\"8 of 11\"><figure class=\"swiper-slide-inner\"><img class=\"swiper-slide-image\" src=\"https:\/\/dfasesoresintegrales.com\/wp-content\/uploads\/2022\/10\/raes-150x150.png\" alt=\"raes\" \/><\/figure><\/div><div class=\"swiper-slide\" role=\"group\" aria-roledescription=\"slide\" aria-label=\"9 of 11\"><figure class=\"swiper-slide-inner\"><img class=\"swiper-slide-image\" src=\"https:\/\/dfasesoresintegrales.com\/wp-content\/uploads\/2022\/10\/solidarias-150x150.png\" alt=\"solidarias\" \/><\/figure><\/div><div class=\"swiper-slide\" role=\"group\" aria-roledescription=\"slide\" aria-label=\"10 of 11\"><figure class=\"swiper-slide-inner\"><img class=\"swiper-slide-image\" src=\"https:\/\/dfasesoresintegrales.com\/wp-content\/uploads\/2022\/10\/alumbrado-publico-150x150.png\" alt=\"alumbrado-publico\" \/><\/figure><\/div><div class=\"swiper-slide\" role=\"group\" aria-roledescription=\"slide\" aria-label=\"11 of 11\"><figure class=\"swiper-slide-inner\"><img class=\"swiper-slide-image\" src=\"https:\/\/dfasesoresintegrales.com\/wp-content\/uploads\/2022\/10\/quimica-ecologica-colombiana-sas-150x150.png\" alt=\"quimica-ecologica-colombiana-sas\" \/><\/figure><\/div>\t\t\t<\/div>\n\t\t\t\t\t\t\t\t\t\t\t\t<div class=\"elementor-swiper-button elementor-swiper-button-prev\" role=\"button\" tabindex=\"0\">\n\t\t\t\t\t\t<i aria-hidden=\"true\" class=\"eicon-chevron-left\"><\/i>\t\t\t\t\t<\/div>\n\t\t\t\t\t<div class=\"elementor-swiper-button elementor-swiper-button-next\" role=\"button\" tabindex=\"0\">\n\t\t\t\t\t\t<i aria-hidden=\"true\" class=\"eicon-chevron-right\"><\/i>\t\t\t\t\t<\/div>\n\t\t\t\t\n\t\t\t\t\t\t\t\t\t<\/div>\n\t\t\t\t<\/div>\n\t\t\t\t<\/div>\n\t\t\t\t\t<\/div>\n\t\t<\/div>\n\t\t\t\t\t\t\t<\/div>\n\t\t<\/section>\n\t\t\t\t<section class=\"elementor-section elementor-top-section elementor-element elementor-element-d882a26 elementor-section-full_width elementor-section-height-default elementor-section-height-default\" data-id=\"d882a26\" data-element_type=\"section\">\n\t\t\t\t\t\t<div class=\"elementor-container elementor-column-gap-no\">\n\t\t\t\t\t<div class=\"elementor-column elementor-col-100 elementor-top-column elementor-element elementor-element-c643992\" data-id=\"c643992\" data-element_type=\"column\">\n\t\t\t<div class=\"elementor-widget-wrap elementor-element-populated\">\n\t\t\t\t\t\t\t\t<div class=\"elementor-element elementor-element-997835a elementor-widget elementor-widget-zix-c2a\" data-id=\"997835a\" data-element_type=\"widget\" data-widget_type=\"zix-c2a.default\">\n\t\t\t\t<div class=\"elementor-widget-container\">\n\t\t\t        <section class=\"promo_area_two\">\n                        <div class=\"container\">\n                <div class=\"row promo_info d-flex align-items-center\">\n                    <div class=\"col-lg-8\">\n                        <h2> Contacto <\/h2>                    <\/div>\n                    <div class=\"col-lg-4 text-right\">\n                        <a href=\"https:\/\/wa.link\/db3v22\" class=\"get_btn creative_btn_two btn_radious\">WHATSAPP<\/a>                    <\/div>\n                <\/div>\n            <\/div>\n        <\/section>\n        \t\t<\/div>\n\t\t\t\t<\/div>\n\t\t\t\t\t<\/div>\n\t\t<\/div>\n\t\t\t\t\t\t\t<\/div>\n\t\t<\/section>\n\t\t\t\t<section class=\"elementor-section elementor-top-section elementor-element elementor-element-0ee246c elementor-section-boxed elementor-section-height-default elementor-section-height-default\" data-id=\"0ee246c\" data-element_type=\"section\">\n\t\t\t\t\t\t<div class=\"elementor-container elementor-column-gap-no\">\n\t\t\t\t\t<div class=\"elementor-column elementor-col-100 elementor-top-column elementor-element elementor-element-8011343\" data-id=\"8011343\" data-element_type=\"column\">\n\t\t\t<div class=\"elementor-widget-wrap elementor-element-populated\">\n\t\t\t\t\t\t\t\t<div class=\"elementor-element elementor-element-86eeac1 elementor-widget elementor-widget-heading\" data-id=\"86eeac1\" data-element_type=\"widget\" data-widget_type=\"heading.default\">\n\t\t\t\t<div class=\"elementor-widget-container\">\n\t\t\t<h2 class=\"elementor-heading-title elementor-size-default\">Nuestros<\/h2>\t\t<\/div>\n\t\t\t\t<\/div>\n\t\t\t\t<div class=\"elementor-element elementor-element-bb78b37 elementor-widget elementor-widget-heading\" data-id=\"bb78b37\" data-element_type=\"widget\" data-widget_type=\"heading.default\">\n\t\t\t\t<div class=\"elementor-widget-container\">\n\t\t\t<h2 class=\"elementor-heading-title elementor-size-default\">Compromisos Organizacionales<\/h2>\t\t<\/div>\n\t\t\t\t<\/div>\n\t\t\t\t<section class=\"elementor-section elementor-inner-section elementor-element elementor-element-6a35bf3 elementor-section-boxed elementor-section-height-default elementor-section-height-default\" data-id=\"6a35bf3\" data-element_type=\"section\">\n\t\t\t\t\t\t<div class=\"elementor-container elementor-column-gap-default\">\n\t\t\t\t\t<div class=\"elementor-column elementor-col-50 elementor-inner-column elementor-element elementor-element-c4e1ca8\" data-id=\"c4e1ca8\" data-element_type=\"column\">\n\t\t\t<div class=\"elementor-widget-wrap elementor-element-populated\">\n\t\t\t\t\t\t\t\t<div class=\"elementor-element elementor-element-15ef8ec elementor-widget elementor-widget-text-editor\" data-id=\"15ef8ec\" data-element_type=\"widget\" data-widget_type=\"text-editor.default\">\n\t\t\t\t<div class=\"elementor-widget-container\">\n\t\t\t<style>\/*! elementor - v3.18.0 - 20-12-2023 *\/\n.elementor-widget-text-editor.elementor-drop-cap-view-stacked .elementor-drop-cap{background-color:#69727d;color:#fff}.elementor-widget-text-editor.elementor-drop-cap-view-framed .elementor-drop-cap{color:#69727d;border:3px solid;background-color:transparent}.elementor-widget-text-editor:not(.elementor-drop-cap-view-default) .elementor-drop-cap{margin-top:8px}.elementor-widget-text-editor:not(.elementor-drop-cap-view-default) .elementor-drop-cap-letter{width:1em;height:1em}.elementor-widget-text-editor .elementor-drop-cap{float:left;text-align:center;line-height:1;font-size:50px}.elementor-widget-text-editor .elementor-drop-cap-letter{display:inline-block}<\/style>\t\t\t\t<h3>Visi\u00f3n<\/h3><p>Posicionarnos como una empresa\u00a0<span style=\"letter-spacing: -0.16px;\">l\u00edder en la regi\u00f3n por la integridad y excelencia en la implementaci\u00f3n de los sistemas de gesti\u00f3n integrados, aportando en el crecimiento de las\u00a0<\/span><span style=\"letter-spacing: -0.16px;\">organizaciones. Con altos est\u00e1ndares de calidad, acorde a las necesidades de nuestros aliados.<\/span><\/p>\t\t\t\t\t\t<\/div>\n\t\t\t\t<\/div>\n\t\t\t\t\t<\/div>\n\t\t<\/div>\n\t\t\t\t<div class=\"elementor-column elementor-col-50 elementor-inner-column elementor-element elementor-element-b0cf5e6\" data-id=\"b0cf5e6\" data-element_type=\"column\">\n\t\t\t<div class=\"elementor-widget-wrap elementor-element-populated\">\n\t\t\t\t\t\t\t\t<div class=\"elementor-element elementor-element-be18e68 elementor-widget elementor-widget-text-editor\" data-id=\"be18e68\" data-element_type=\"widget\" data-widget_type=\"text-editor.default\">\n\t\t\t\t<div class=\"elementor-widget-container\">\n\t\t\t\t\t\t\t<h3>Misi\u00f3n<\/h3><p>Brindar seguimiento en la ejecuci\u00f3n y avance del sistema de gesti\u00f3n integral, creando herramientas y contando con un equipo de trabajo id\u00f3neo, comprometido y \u00e9tico, enfocados en la mejora continua, garantizando la productividad y bienestar de nuestros aliados con altos est\u00e1ndares del cumplimiento normativo legal vigente.<\/p>\t\t\t\t\t\t<\/div>\n\t\t\t\t<\/div>\n\t\t\t\t\t<\/div>\n\t\t<\/div>\n\t\t\t\t\t\t\t<\/div>\n\t\t<\/section>\n\t\t\t\t\t<\/div>\n\t\t<\/div>\n\t\t\t\t\t\t\t<\/div>\n\t\t<\/section>\n\t\t\t\t<section class=\"elementor-section elementor-top-section elementor-element elementor-element-f3a623e elementor-section-full_width elementor-section-height-default elementor-section-height-default\" data-id=\"f3a623e\" data-element_type=\"section\">\n\t\t\t\t\t\t<div class=\"elementor-container elementor-column-gap-no\">\n\t\t\t\t\t<div class=\"elementor-column elementor-col-100 elementor-top-column elementor-element elementor-element-6341b3e\" data-id=\"6341b3e\" data-element_type=\"column\">\n\t\t\t<div class=\"elementor-widget-wrap elementor-element-populated\">\n\t\t\t\t\t\t\t\t<div class=\"elementor-element elementor-element-c1a9fca elementor-widget elementor-widget-zix-timeline\" data-id=\"c1a9fca\" data-element_type=\"widget\" data-widget_type=\"zix-timeline.default\">\n\t\t\t\t<div class=\"elementor-widget-container\">\n\t\t\t        \n        <section class=\"timeline_area\">\n            <div class=\"container\">\n                <div class=\"timeline\">\n                                                <div class=\"timeline_item\">\n                                <div class=\"timeline_info\"><span>Valores<\/span><\/div>                                <div class=\"media timeline_content flex-row-reverse\">\n                                    <div class=\"timeline_marker\">\n                                                                            <\/div>\n                                    <div class=\"media-body\">\n                                        <h3>RESPETO<\/h3><h6>Valor empresarial<\/h6>                                    <\/div>\n                                <\/div>\n                            <\/div>\n                                                        <div class=\"timeline_item\">\n                                <div class=\"timeline_info\"><span>Valores<\/span><\/div>                                <div class=\"media timeline_content \">\n                                    <div class=\"timeline_marker\">\n                                                                            <\/div>\n                                    <div class=\"media-body\">\n                                        <h3>\u00c9TICA<\/h3><h6>Valor empresarial<\/h6>                                    <\/div>\n                                <\/div>\n                            <\/div>\n                                                        <div class=\"timeline_item\">\n                                <div class=\"timeline_info\"><span>Valores<\/span><\/div>                                <div class=\"media timeline_content flex-row-reverse\">\n                                    <div class=\"timeline_marker\">\n                                                                            <\/div>\n                                    <div class=\"media-body\">\n                                        <h3>HONESTIDAD<\/h3><h6>Valor empresarial<\/h6>                                    <\/div>\n                                <\/div>\n                            <\/div>\n                                                        <div class=\"timeline_item\">\n                                <div class=\"timeline_info\"><span>Valores<\/span><\/div>                                <div class=\"media timeline_content \">\n                                    <div class=\"timeline_marker\">\n                                                                            <\/div>\n                                    <div class=\"media-body\">\n                                        <h3>LEALTAD<\/h3><h6>Valor empresarial<\/h6>                                    <\/div>\n                                <\/div>\n                            <\/div>\n                                            <\/div>\n            <\/div>\n        <\/section>\n        \t\t<\/div>\n\t\t\t\t<\/div>\n\t\t\t\t\t<\/div>\n\t\t<\/div>\n\t\t\t\t\t\t\t<\/div>\n\t\t<\/section>\n\t\t\t\t<section class=\"elementor-section elementor-top-section elementor-element elementor-element-d7658a9 elementor-section-full_width elementor-section-height-default elementor-section-height-default\" data-id=\"d7658a9\" data-element_type=\"section\">\n\t\t\t\t\t\t<div class=\"elementor-container elementor-column-gap-no\">\n\t\t\t\t\t<div class=\"elementor-column elementor-col-100 elementor-top-column elementor-element elementor-element-b4dbcc1\" data-id=\"b4dbcc1\" data-element_type=\"column\">\n\t\t\t<div class=\"elementor-widget-wrap elementor-element-populated\">\n\t\t\t\t\t\t\t\t<div class=\"elementor-element elementor-element-9293e7e elementor-widget elementor-widget-subsciribe\" data-id=\"9293e7e\" data-element_type=\"widget\" data-widget_type=\"subsciribe.default\">\n\t\t\t\t<div class=\"elementor-widget-container\">\n\t\t\t        <section class=\"subscribe_area_two\">\r\n            <img class=\"promo_shap\" src=\"https:\/\/droitthemes.com\/wp\/zix\/wp-content\/uploads\/2019\/12\/shap_circle-min.png\" alt=\"shape image\">            <div class=\"container\">\r\n                <div class=\"subscribe_info text-center\">\r\n                    <div class=\"subscribe_title\">\r\n                        <h2 class=\"mt-0 subinfo_title\">Subscribe Today For New Updates<\/h2><p>Subscribe to our mailing list to get the updates to your email inbox...\n\n<\/p>                    <\/div>\r\n                    <form action=\"\" class=\"mailchimp\" method=\"post\">\r\n                        <div class=\"input-group subcribes\">\r\n                            <input type=\"text\" name=\"EMAIL\" class=\"form-control memail\" placeholder=\"Type your email...\">\r\n\r\n                                <button class=\"btn\" type=\"submit\">\r\n                                                                    <\/button>\r\n\r\n                        <\/div>\r\n                        <p class=\"mchimp-errmessage\" style=\"display: none;\"><\/p>\r\n                        <p class=\"mchimp-sucmessage\" style=\"display: none;\"><\/p>\r\n                    <\/form>\r\n                <\/div>\r\n            <\/div>\r\n        <\/section>\r\n        \t\t<\/div>\n\t\t\t\t<\/div>\n\t\t\t\t\t<\/div>\n\t\t<\/div>\n\t\t\t\t\t\t\t<\/div>\n\t\t<\/section>\n\t\t\t\t\t\t\t<\/div>\n\t\t","protected":false},"excerpt":{"rendered":"<p>DF ASESORES INTEGRALES \u00bfQui\u00e9nes somos? Somos una empresa que cuenta con un equipo interdisciplinario en dise\u00f1o, implementaci\u00f3n y administraci\u00f3n del sistema de gesti\u00f3n de seguridad y salud en el trabajo y administraci\u00f3n ambiental, con m\u00e1s de siete a\u00f1os de experiencia, brindando soluciones integrales a las necesidades de las organizaciones. RESPETO. \u00c9TICA. HONESTIDAD. LEALTAD. Contacto Nuestros&#8230;<\/p>\n","protected":false},"author":1,"featured_media":0,"parent":0,"menu_order":0,"comment_status":"closed","ping_status":"closed","template":"elementor_header_footer","meta":{"_joinchat":[]},"acf":[],"aioseo_notices":[],"_links":{"self":[{"href":"https:\/\/dfasesoresintegrales.com\/index.php?rest_route=\/wp\/v2\/pages\/850"}],"collection":[{"href":"https:\/\/dfasesoresintegrales.com\/index.php?rest_route=\/wp\/v2\/pages"}],"about":[{"href":"https:\/\/dfasesoresintegrales.com\/index.php?rest_route=\/wp\/v2\/types\/page"}],"author":[{"embeddable":true,"href":"https:\/\/dfasesoresintegrales.com\/index.php?rest_route=\/wp\/v2\/users\/1"}],"replies":[{"embeddable":true,"href":"https:\/\/dfasesoresintegrales.com\/index.php?rest_route=%2Fwp%2Fv2%2Fcomments&post=850"}],"version-history":[{"count":33,"href":"https:\/\/dfasesoresintegrales.com\/index.php?rest_route=\/wp\/v2\/pages\/850\/revisions"}],"predecessor-version":[{"id":10219,"href":"https:\/\/dfasesoresintegrales.com\/index.php?rest_route=\/wp\/v2\/pages\/850\/revisions\/10219"}],"wp:attachment":[{"href":"https:\/\/dfasesoresintegrales.com\/index.php?rest_route=%2Fwp%2Fv2%2Fmedia&parent=850"}],"curies":[{"name":"wp","href":"https:\/\/api.w.org\/{rel}","templated":true}]}}